{"id":7,"date":"2025-03-02T01:37:56","date_gmt":"2025-03-02T01:37:56","guid":{"rendered":"https:\/\/underwear.dk\/?page_id=7"},"modified":"2025-03-02T01:40:08","modified_gmt":"2025-03-02T01:40:08","slug":"forside","status":"publish","type":"page","link":"https:\/\/underwear.dk\/","title":{"rendered":"Forside"},"content":{"rendered":"\n\n\n<div class=\"wp-block-group alignfull has-global-padding is-layout-constrained wp-block-group-is-layout-constrained\" style=\"margin-top:0;margin-bottom:0;padding-top:var(--wp--preset--spacing--50);padding-bottom:var(--wp--preset--spacing--50)\">\n<div class=\"wp-block-columns alignwide is-layout-flex wp-container-core-columns-is-layout-1 wp-block-columns-is-layout-flex\">\n<div class=\"wp-block-column is-vertically-aligned-center is-layout-flow wp-block-column-is-layout-flow\">\n<h2 class=\"wp-block-heading has-xx-large-font-size\">Underwear \u2013 Eksklusivt undert\u00f8j. Perfekt pasform.<\/h2>\n\n\n\n<p class=\"has-medium-font-size\">Undert\u00f8j er det f\u00f8rste, du tager p\u00e5 \u2013 og det sidste, du vil g\u00e5 p\u00e5 kompromis med. Underwear tilbyder et h\u00e5ndplukket udvalg af eksklusivt undert\u00f8j til m\u00e6nd og kvinder, hvor komfort, kvalitet og pasform er i fokus.<\/p>\n\n\n\n<p class=\"has-medium-font-size\">\ud83d\udda4 Luksuri\u00f8se materialer, der f\u00f8les fantastisk mod huden<\/p>\n\n\n\n<p class=\"has-medium-font-size\">\ud83e\ude72 Perfekt pasform \u2013 fordi det rigtige undert\u00f8j g\u00f8r en forskel<\/p>\n\n\n\n<p class=\"has-medium-font-size\">\ud83c\udfaf Klassiske essentials &amp; eksklusive styles, du vil elskeUanset om du s\u00f8ger hverdagskomfort eller noget ekstra l\u00e6kkert, finder du det hos Underwear.<\/p>\n\n\n\n<p class=\"has-medium-font-size\">Mere komfort. Bedre kvalitet. Underwear g\u00f8r forskellen. \ud83d\udcab<\/p>\n<\/div>\n\n\n\n<div class=\"wp-block-column is-vertically-aligned-center is-layout-flow wp-block-column-is-layout-flow\">\n<figure class=\"wp-block-image size-full\"><img decoding=\"async\" src=\"https:\/\/copywriting.dk\/wp-content\/themes\/twentytwentyfive\/assets\/images\/book-image-landing.webp\" alt=\"Image of a book\" style=\"aspect-ratio:1;object-fit:cover\"\/><\/figure>\n<\/div>\n<\/div>\n<\/div>\n\n\n\n<div class=\"wp-block-group alignfull has-global-padding is-layout-constrained wp-block-group-is-layout-constrained\" style=\"margin-top:0;margin-bottom:0\">\n<div class=\"wp-block-group alignwide is-layout-flow wp-container-core-group-is-layout-4 wp-block-group-is-layout-flow\" style=\"padding-top:var(--wp--preset--spacing--50);padding-bottom:var(--wp--preset--spacing--50)\">\n<h2 class=\"wp-block-heading has-x-large-font-size\">Sp\u00f8rgsm\u00e5l?<\/h2>\n\n\n\n<div class=\"wp-block-columns is-layout-flex wp-container-core-columns-is-layout-2 wp-block-columns-is-layout-flex\">\n<div class=\"wp-block-column is-layout-flow wp-block-column-is-layout-flow\">\n<div class=\"wp-block-group is-layout-flow wp-block-group-is-layout-flow\" style=\"border-top-color:var(--wp--preset--color--accent-6);border-top-width:1px;padding-top:var(--wp--preset--spacing--30);padding-bottom:var(--wp--preset--spacing--30)\">\n<p>S\u00e5 udfyld kontaktformularen her: <\/p>\n\n\n\n<p><\/p>\n<\/div>\n<\/div>\n\n\n\n<div class=\"wp-block-column is-layout-flow wp-block-column-is-layout-flow\">\n<div class=\"wp-block-group is-layout-flow wp-block-group-is-layout-flow\" style=\"border-top-color:var(--wp--preset--color--accent-6);border-top-width:1px;padding-top:var(--wp--preset--spacing--30);padding-bottom:var(--wp--preset--spacing--30)\">\n<div class=\"wpcf7 no-js\" id=\"wpcf7-f6-o1\" lang=\"da-DK\" dir=\"ltr\" data-wpcf7-id=\"6\">\n<div class=\"screen-reader-response\"><p role=\"status\" aria-live=\"polite\" aria-atomic=\"true\"><\/p> <ul><\/ul><\/div>\n<form action=\"\/index.php\/wp-json\/wp\/v2\/pages\/7#wpcf7-f6-o1\" method=\"post\" class=\"wpcf7-form init\" aria-label=\"Kontaktformular\" novalidate=\"novalidate\" data-status=\"init\">\n<div style=\"display: none;\">\n<input type=\"hidden\" name=\"_wpcf7\" value=\"6\" \/>\n<input type=\"hidden\" name=\"_wpcf7_version\" value=\"6.0.4\" \/>\n<input type=\"hidden\" name=\"_wpcf7_locale\" value=\"da_DK\" \/>\n<input type=\"hidden\" name=\"_wpcf7_unit_tag\" value=\"wpcf7-f6-o1\" \/>\n<input type=\"hidden\" name=\"_wpcf7_container_post\" value=\"0\" \/>\n<input type=\"hidden\" name=\"_wpcf7_posted_data_hash\" value=\"\" \/>\n<\/div>\n<p><label> Dit navn<br \/>\n<span class=\"wpcf7-form-control-wrap\" data-name=\"your-name\"><input size=\"40\" maxlength=\"400\" class=\"wpcf7-form-control wpcf7-text wpcf7-validates-as-required\" autocomplete=\"name\" aria-required=\"true\" aria-invalid=\"false\" value=\"\" type=\"text\" name=\"your-name\" \/><\/span> <\/label>\n<\/p>\n<p><label> Din e-mail<br \/>\n<span class=\"wpcf7-form-control-wrap\" data-name=\"your-email\"><input size=\"40\" maxlength=\"400\" class=\"wpcf7-form-control wpcf7-email wpcf7-validates-as-required wpcf7-text wpcf7-validates-as-email\" autocomplete=\"email\" aria-required=\"true\" aria-invalid=\"false\" value=\"\" type=\"email\" name=\"your-email\" \/><\/span> <\/label>\n<\/p>\n<p><label> Emne<br \/>\n<span class=\"wpcf7-form-control-wrap\" data-name=\"your-subject\"><input size=\"40\" maxlength=\"400\" class=\"wpcf7-form-control wpcf7-text wpcf7-validates-as-required\" aria-required=\"true\" aria-invalid=\"false\" value=\"\" type=\"text\" name=\"your-subject\" \/><\/span> <\/label>\n<\/p>\n<p><label> Din besked (valgfri)<br \/>\n<span class=\"wpcf7-form-control-wrap\" data-name=\"your-message\"><textarea cols=\"40\" rows=\"10\" maxlength=\"2000\" class=\"wpcf7-form-control wpcf7-textarea\" aria-invalid=\"false\" name=\"your-message\"><\/textarea><\/span> <\/label>\n<\/p>\n<p><input class=\"wpcf7-form-control wpcf7-submit has-spinner\" type=\"submit\" value=\"Send\" \/>\n<\/p><div class=\"wpcf7-response-output\" aria-hidden=\"true\"><\/div>\n<\/form>\n<\/div>\n\n<\/div>\n<\/div>\n<\/div>\n<\/div>\n\n\n\n<p class=\"has-text-align-center\">\u00a9 Underwear.dk 2025<\/p>\n<\/div>\n","protected":false},"excerpt":{"rendered":"<p>Underwear \u2013 Eksklusivt undert\u00f8j. Perfekt pasform. Undert\u00f8j er det f\u00f8rste, du tager p\u00e5 \u2013 og det sidste, du vil g\u00e5 p\u00e5 kompromis med. Underwear tilbyder et h\u00e5ndplukket udvalg af eksklusivt undert\u00f8j til m\u00e6nd og kvinder, hvor komfort, kvalitet og pasform er i fokus. \ud83d\udda4 Luksuri\u00f8se materialer, der f\u00f8les fantastisk mod huden \ud83e\ude72 Perfekt pasform \u2013 [&hellip;]<\/p>\n","protected":false},"author":1,"featured_media":0,"parent":0,"menu_order":0,"comment_status":"closed","ping_status":"closed","template":"","meta":{"footnotes":""},"class_list":["post-7","page","type-page","status-publish","hentry"],"_links":{"self":[{"href":"https:\/\/underwear.dk\/index.php\/wp-json\/wp\/v2\/pages\/7","targetHints":{"allow":["GET"]}}],"collection":[{"href":"https:\/\/underwear.dk\/index.php\/wp-json\/wp\/v2\/pages"}],"about":[{"href":"https:\/\/underwear.dk\/index.php\/wp-json\/wp\/v2\/types\/page"}],"author":[{"embeddable":true,"href":"https:\/\/underwear.dk\/index.php\/wp-json\/wp\/v2\/users\/1"}],"replies":[{"embeddable":true,"href":"https:\/\/underwear.dk\/index.php\/wp-json\/wp\/v2\/comments?post=7"}],"version-history":[{"count":4,"href":"https:\/\/underwear.dk\/index.php\/wp-json\/wp\/v2\/pages\/7\/revisions"}],"predecessor-version":[{"id":13,"href":"https:\/\/underwear.dk\/index.php\/wp-json\/wp\/v2\/pages\/7\/revisions\/13"}],"wp:attachment":[{"href":"https:\/\/underwear.dk\/index.php\/wp-json\/wp\/v2\/media?parent=7"}],"curies":[{"name":"wp","href":"https:\/\/api.w.org\/{rel}","templated":true}]}}